{"id":827,"date":"2024-01-15T09:13:28","date_gmt":"2024-01-15T08:13:28","guid":{"rendered":"https:\/\/www.campingquinquis.fr\/rentals\/"},"modified":"2024-03-13T09:14:02","modified_gmt":"2024-03-13T08:14:02","slug":"rentals","status":"publish","type":"page","link":"https:\/\/www.campingquinquis.fr\/en\/rentals\/","title":{"rendered":"Rentals"},"content":{"rendered":"\n<div class=\"is-layout-flow wp-block-group alignfull diaporama-header Q-05\">\n<figure class=\"is-layout-flex wp-block-gallery-1 wp-block-gallery has-nested-images columns-default is-cropped fc-auto\">\n<figure class=\"wp-block-image size-full fc-auto\"><img decoding=\"async\" loading=\"lazy\" width=\"1920\" height=\"800\" src=\"https:\/\/www.campingquinquis.fr\/wp-content\/uploads\/2024\/01\/mini_exterieur-longisland1-1920x800-1.jpg\" alt=\"\" class=\"wp-image-658\" srcset=\"https:\/\/www.campingquinquis.fr\/wp-content\/uploads\/2024\/01\/mini_exterieur-longisland1-1920x800-1.jpg 1920w, https:\/\/www.campingquinquis.fr\/wp-content\/uploads\/2024\/01\/mini_exterieur-longisland1-1920x800-1-300x125.jpg 300w, https:\/\/www.campingquinquis.fr\/wp-content\/uploads\/2024\/01\/mini_exterieur-longisland1-1920x800-1-1024x427.jpg 1024w, https:\/\/www.campingquinquis.fr\/wp-content\/uploads\/2024\/01\/mini_exterieur-longisland1-1920x800-1-768x320.jpg 768w, https:\/\/www.campingquinquis.fr\/wp-content\/uploads\/2024\/01\/mini_exterieur-longisland1-1920x800-1-1536x640.jpg 1536w\" sizes=\"(max-width: 1920px) 100vw, 1920px\" title=\"\"><\/figure>\n<\/figure>\n<\/div>\n\n\n\n<div class=\"is-layout-flex wp-container-10 wp-block-columns Q-10 reverse-mob\">\n<div class=\"is-layout-flow wp-block-column galerie\">\n<figure class=\"is-layout-flex wp-block-gallery-4 wp-block-gallery has-nested-images columns-default is-cropped fc-diapo fc-full\">\n<figure class=\"wp-block-image size-full fc-full\"><img decoding=\"async\" loading=\"lazy\" width=\"2560\" height=\"1704\" src=\"https:\/\/www.campingquinquis.fr\/wp-content\/uploads\/2024\/01\/mh-2-ch-confort--scaled.jpg\" alt=\"mobil-home terrasse Clohars-Carno\u00ebt\" class=\"wp-image-1033\" title=\"Mobil-home avec terrasse\" srcset=\"https:\/\/www.campingquinquis.fr\/wp-content\/uploads\/2024\/01\/mh-2-ch-confort--scaled.jpg 2560w, https:\/\/www.campingquinquis.fr\/wp-content\/uploads\/2024\/01\/mh-2-ch-confort--300x200.jpg 300w, https:\/\/www.campingquinquis.fr\/wp-content\/uploads\/2024\/01\/mh-2-ch-confort--1024x682.jpg 1024w, https:\/\/www.campingquinquis.fr\/wp-content\/uploads\/2024\/01\/mh-2-ch-confort--768x511.jpg 768w, https:\/\/www.campingquinquis.fr\/wp-content\/uploads\/2024\/01\/mh-2-ch-confort--1536x1023.jpg 1536w, https:\/\/www.campingquinquis.fr\/wp-content\/uploads\/2024\/01\/mh-2-ch-confort--2048x1364.jpg 2048w\" sizes=\"(max-width: 2560px) 100vw, 2560px\" \/><\/figure>\n\n\n\n<figure class=\"wp-block-image size-full fc-auto\"><img decoding=\"async\" loading=\"lazy\" width=\"2560\" height=\"1704\" src=\"https:\/\/www.campingquinquis.fr\/wp-content\/uploads\/2024\/01\/mh-2-ch-cuisine--scaled.jpg\" alt=\"Cuisine mobil-home Finist\u00e8re Sud\" class=\"wp-image-1061\" title=\"Cuisine mobil-home tout \u00e9quip\u00e9\" srcset=\"https:\/\/www.campingquinquis.fr\/wp-content\/uploads\/2024\/01\/mh-2-ch-cuisine--scaled.jpg 2560w, https:\/\/www.campingquinquis.fr\/wp-content\/uploads\/2024\/01\/mh-2-ch-cuisine--300x200.jpg 300w, https:\/\/www.campingquinquis.fr\/wp-content\/uploads\/2024\/01\/mh-2-ch-cuisine--1024x682.jpg 1024w, https:\/\/www.campingquinquis.fr\/wp-content\/uploads\/2024\/01\/mh-2-ch-cuisine--768x511.jpg 768w, https:\/\/www.campingquinquis.fr\/wp-content\/uploads\/2024\/01\/mh-2-ch-cuisine--1536x1023.jpg 1536w, https:\/\/www.campingquinquis.fr\/wp-content\/uploads\/2024\/01\/mh-2-ch-cuisine--2048x1364.jpg 2048w\" sizes=\"(max-width: 2560px) 100vw, 2560px\" \/><\/figure>\n\n\n\n<figure class=\"wp-block-image size-full fc-auto\"><img decoding=\"async\" loading=\"lazy\" width=\"1704\" height=\"2560\" src=\"https:\/\/www.campingquinquis.fr\/wp-content\/uploads\/2024\/01\/mh-2-ch-chambre-scaled.jpg\" alt=\"Couchage mobil-home Clohars Carno\u00ebt\" class=\"wp-image-1059\" title=\"Couchage mobil-home\" srcset=\"https:\/\/www.campingquinquis.fr\/wp-content\/uploads\/2024\/01\/mh-2-ch-chambre-scaled.jpg 1704w, https:\/\/www.campingquinquis.fr\/wp-content\/uploads\/2024\/01\/mh-2-ch-chambre-200x300.jpg 200w, https:\/\/www.campingquinquis.fr\/wp-content\/uploads\/2024\/01\/mh-2-ch-chambre-682x1024.jpg 682w, https:\/\/www.campingquinquis.fr\/wp-content\/uploads\/2024\/01\/mh-2-ch-chambre-768x1153.jpg 768w, https:\/\/www.campingquinquis.fr\/wp-content\/uploads\/2024\/01\/mh-2-ch-chambre-1023x1536.jpg 1023w, https:\/\/www.campingquinquis.fr\/wp-content\/uploads\/2024\/01\/mh-2-ch-chambre-1364x2048.jpg 1364w\" sizes=\"(max-width: 1704px) 100vw, 1704px\" \/><\/figure>\n<\/figure>\n<\/div>\n\n\n\n<div class=\"is-layout-flow wp-block-column is-vertically-aligned-center texte carre\">\n<h1>Vacation rentals <span class=\"fc-span\">in Clohars-Carno\u00ebt<\/span><\/h1>\n\n\n\n<p>Stay just a stone&#8217;s throw from the sandy beach of Le <strong>Pouldu<\/strong>. Our <a href=\"https:\/\/www.campingquinquis.fr\/en\/\" data-type=\"page\" data-id=\"2\">campsite in Clohars-Carno\u00ebt<\/a> offers you a green setting.<strong> <\/strong>Head for <strong>South Finist\u00e8re<\/strong> to rent your mobile home! On the Morbihan border, choose between a <strong>mobile home<\/strong>, unusual accommodation or a pitch on one of our 163 pitches on 8.5 hectares.<\/p>\n\n\n\n<div class=\"wp-block-fc-gut-lire-plus fc-mob\">\n<p>Read more<\/p>\n\n\n\n<div class=\"is-layout-flow wp-block-group\">\n<p>You&#8217;ll find the right solution for your family vacation in <strong>Southern Brittany<\/strong>. From your <strong>campsite rental in Clohars-Carno\u00ebt<\/strong>, enjoy and be tempted by <a href=\"https:\/\/www.campingquinquis.fr\/en\/activities\/\">our entertainment and activities<\/a> on offer during your stay in Le<strong> Pouldu<\/strong>.<\/p>\n<\/div>\n<\/div>\n\n\n\n<div class=\"is-layout-flex wp-block-buttons\">\n<div class=\"wp-block-button btn_resa btn_resa_loc\"><a class=\"wp-block-button__link wp-element-button\">Book a rental  <span class=\"fc-icon plus-solid\"><\/span><\/a><\/div>\n<\/div>\n<\/div>\n<\/div>\n\n\n\n<div class=\"is-layout-flex wp-container-16 wp-block-columns Q-10\">\n<div class=\"is-layout-flow wp-block-column is-vertically-aligned-center texte\">\n<h2><span class=\"fc-span\">Rent a mobile home<\/span> in South Finist\u00e8re with all comforts<\/h2>\n\n\n\n<p>For your <strong>camping<\/strong> vacation <strong>in Le Pouldu<\/strong>, we take the comfort of our guests to heart. We offer a range of quality <strong>mobile home rentals in South Finist\u00e8re <\/strong>. Spacious, they can accommodate <strong>up to eight people<\/strong>. Our <strong>mobile homes <\/strong>have <strong>2, 3 and 4 bedrooms<\/strong>. <\/p>\n\n\n\n<div class=\"wp-block-fc-gut-lire-plus fc-mob\">\n<p>Read more<\/p>\n\n\n\n<div class=\"is-layout-flow wp-block-group\">\n<p>Each rental unit at<strong> our campsite in Clohars-Carno\u00ebt<\/strong> is equipped with storage space, a comfortable living area and a friendly atmosphere. A shower room, a kitchenette, a terrace with garden furniture and a barbecue.<\/p>\n<\/div>\n<\/div>\n<\/div>\n\n\n\n<div class=\"is-layout-flow wp-block-column galerie\">\n<figure class=\"is-layout-flex wp-block-gallery-13 wp-block-gallery has-nested-images columns-default is-cropped fc-diapo fc-auto\">\n<figure class=\"wp-block-image size-full fc-full\"><img decoding=\"async\" loading=\"lazy\" width=\"1920\" height=\"1440\" src=\"https:\/\/www.campingquinquis.fr\/wp-content\/uploads\/2024\/01\/2c-h4.jpg\" alt=\"Mobil-home am\u00e9nag\u00e9 Finist\u00e8re Sud\" class=\"wp-image-758\" title=\"Mobil-home am\u00e9nag\u00e9\" srcset=\"https:\/\/www.campingquinquis.fr\/wp-content\/uploads\/2024\/01\/2c-h4.jpg 1920w, https:\/\/www.campingquinquis.fr\/wp-content\/uploads\/2024\/01\/2c-h4-300x225.jpg 300w, https:\/\/www.campingquinquis.fr\/wp-content\/uploads\/2024\/01\/2c-h4-1024x768.jpg 1024w, https:\/\/www.campingquinquis.fr\/wp-content\/uploads\/2024\/01\/2c-h4-768x576.jpg 768w, https:\/\/www.campingquinquis.fr\/wp-content\/uploads\/2024\/01\/2c-h4-1536x1152.jpg 1536w\" sizes=\"(max-width: 1920px) 100vw, 1920px\" \/><\/figure>\n\n\n\n<figure class=\"wp-block-image size-full fc-auto\"><img decoding=\"async\" loading=\"lazy\" width=\"1920\" height=\"1278\" src=\"https:\/\/www.campingquinquis.fr\/wp-content\/uploads\/2024\/01\/2-ch4.jpg\" alt=\"Cuisine 4 \u00e9toiles mobil-home Clohars-Carno\u00ebt\" class=\"wp-image-765\" title=\"Cuisine 4 \u00e9toiles mobil-home\" srcset=\"https:\/\/www.campingquinquis.fr\/wp-content\/uploads\/2024\/01\/2-ch4.jpg 1920w, https:\/\/www.campingquinquis.fr\/wp-content\/uploads\/2024\/01\/2-ch4-300x200.jpg 300w, https:\/\/www.campingquinquis.fr\/wp-content\/uploads\/2024\/01\/2-ch4-1024x682.jpg 1024w, https:\/\/www.campingquinquis.fr\/wp-content\/uploads\/2024\/01\/2-ch4-768x511.jpg 768w, https:\/\/www.campingquinquis.fr\/wp-content\/uploads\/2024\/01\/2-ch4-1536x1022.jpg 1536w\" sizes=\"(max-width: 1920px) 100vw, 1920px\" \/><\/figure>\n\n\n\n<figure class=\"wp-block-image size-full fc-auto\"><img decoding=\"async\" loading=\"lazy\" width=\"1440\" height=\"1920\" src=\"https:\/\/www.campingquinquis.fr\/wp-content\/uploads\/2024\/01\/2ch4-1.jpg\" alt=\"Chambre deux lits Finist\u00e8re Sud\" class=\"wp-image-771\" title=\"Chambre enfants deux lits\" srcset=\"https:\/\/www.campingquinquis.fr\/wp-content\/uploads\/2024\/01\/2ch4-1.jpg 1440w, https:\/\/www.campingquinquis.fr\/wp-content\/uploads\/2024\/01\/2ch4-1-225x300.jpg 225w, https:\/\/www.campingquinquis.fr\/wp-content\/uploads\/2024\/01\/2ch4-1-768x1024.jpg 768w, https:\/\/www.campingquinquis.fr\/wp-content\/uploads\/2024\/01\/2ch4-1-1152x1536.jpg 1152w\" sizes=\"(max-width: 1440px) 100vw, 1440px\" \/><\/figure>\n\n\n\n<figure class=\"wp-block-image size-full fc-auto\"><img decoding=\"async\" loading=\"lazy\" width=\"2560\" height=\"1704\" src=\"https:\/\/www.campingquinquis.fr\/wp-content\/uploads\/2024\/01\/mh-1-ch-scaled.jpg\" alt=\"Terrasse ensoleill\u00e9e Clohars-Carno\u00ebt\" class=\"wp-image-1031\" title=\"Terrasse ensoleill\u00e9e mobil-home\" srcset=\"https:\/\/www.campingquinquis.fr\/wp-content\/uploads\/2024\/01\/mh-1-ch-scaled.jpg 2560w, https:\/\/www.campingquinquis.fr\/wp-content\/uploads\/2024\/01\/mh-1-ch-300x200.jpg 300w, https:\/\/www.campingquinquis.fr\/wp-content\/uploads\/2024\/01\/mh-1-ch-1024x682.jpg 1024w, https:\/\/www.campingquinquis.fr\/wp-content\/uploads\/2024\/01\/mh-1-ch-768x511.jpg 768w, https:\/\/www.campingquinquis.fr\/wp-content\/uploads\/2024\/01\/mh-1-ch-1536x1023.jpg 1536w, https:\/\/www.campingquinquis.fr\/wp-content\/uploads\/2024\/01\/mh-1-ch-2048x1364.jpg 2048w\" sizes=\"(max-width: 2560px) 100vw, 2560px\" \/><figcaption class=\"wp-element-caption\">Mobil home 1 ch<\/figcaption><\/figure>\n\n\n\n<figure class=\"wp-block-image size-full fc-auto\"><img decoding=\"async\" loading=\"lazy\" width=\"2560\" height=\"1704\" src=\"https:\/\/www.campingquinquis.fr\/wp-content\/uploads\/2024\/01\/mh-1-ch-salon-scaled.jpg\" alt=\"Espace salon mobil-home Clohars-Carno\u00ebt\" class=\"wp-image-1055\" title=\"Espace salon mobil-home Clohars-Carno\u00ebt\" srcset=\"https:\/\/www.campingquinquis.fr\/wp-content\/uploads\/2024\/01\/mh-1-ch-salon-scaled.jpg 2560w, https:\/\/www.campingquinquis.fr\/wp-content\/uploads\/2024\/01\/mh-1-ch-salon-300x200.jpg 300w, https:\/\/www.campingquinquis.fr\/wp-content\/uploads\/2024\/01\/mh-1-ch-salon-1024x682.jpg 1024w, https:\/\/www.campingquinquis.fr\/wp-content\/uploads\/2024\/01\/mh-1-ch-salon-768x511.jpg 768w, https:\/\/www.campingquinquis.fr\/wp-content\/uploads\/2024\/01\/mh-1-ch-salon-1536x1023.jpg 1536w, https:\/\/www.campingquinquis.fr\/wp-content\/uploads\/2024\/01\/mh-1-ch-salon-2048x1364.jpg 2048w\" sizes=\"(max-width: 2560px) 100vw, 2560px\" \/><figcaption class=\"wp-element-caption\">Salon MH 1 ch 2 p<\/figcaption><\/figure>\n<\/figure>\n<\/div>\n<\/div>\n\n\n\n<div class=\"is-layout-flow wp-block-group alignfull diaporama-header Q-15\">\n<figure class=\"is-layout-flex wp-block-gallery-17 wp-block-gallery has-nested-images columns-default is-cropped fc-auto\">\n<figure class=\"wp-block-image size-full fc-auto\"><img decoding=\"async\" loading=\"lazy\" width=\"900\" height=\"600\" src=\"https:\/\/www.campingquinquis.fr\/wp-content\/uploads\/2024\/01\/sejour-1.jpg\" alt=\"Espace de vie mobil-home Finist\u00e8re Sud\" class=\"wp-image-666\" title=\"Espace de vie mobil-home \" srcset=\"https:\/\/www.campingquinquis.fr\/wp-content\/uploads\/2024\/01\/sejour-1.jpg 900w, https:\/\/www.campingquinquis.fr\/wp-content\/uploads\/2024\/01\/sejour-1-300x200.jpg 300w, https:\/\/www.campingquinquis.fr\/wp-content\/uploads\/2024\/01\/sejour-1-768x512.jpg 768w\" sizes=\"(max-width: 900px) 100vw, 900px\" \/><\/figure>\n<\/figure>\n\n\n\n<p class=\"h1\">Fully equipped accommodation<\/p>\n\n\n\n<p>The sleeping areas <strong>include comforters and pillows<\/strong>, so you&#8217;ll just need to <strong>bring your own sheets<\/strong>, pillowcases, towels and kitchen linen. We can provide a cot and high chair if you wish.<\/p>\n\n\n\n<p>This list is not exhaustive. Please do not hesitate to contact us if you have any questions. We&#8217;d be delighted to hear from you.<\/p>\n\n\n\n<ul class=\"pictos\">\n<li><span class=\"fc-icon tv-solid\"><\/span>  Lounge area with bench seat<\/li>\n\n\n\n<li><span class=\"fc-icon table-picnic-solid\"><\/span>  Dining area with chairs and table<\/li>\n\n\n\n<li><span class=\"fc-icon refrigerator-solid\"><\/span>  Fully equipped kitchenette and refrigerator<\/li>\n\n\n\n<li><span class=\"fc-icon shower-solid\"><\/span>  Shower room with separate WC<\/li>\n<\/ul>\n<\/div>\n\n\n\n<div class=\"is-layout-constrained wp-block-group alignfull Q-20\">\n<div class=\"is-layout-flex wp-container-24 wp-block-columns\">\n<div class=\"is-layout-flow wp-block-column hide-mob\">\n<figure class=\"is-layout-flex wp-block-gallery-20 wp-block-gallery has-nested-images columns-7 is-cropped fc-diapo-mob fc-full\">\n<figure class=\"wp-block-image size-full fc-full\"><img decoding=\"async\" loading=\"lazy\" width=\"976\" height=\"710\" src=\"https:\/\/www.campingquinquis.fr\/wp-content\/uploads\/2024\/01\/tipi-ext.jpg\" alt=\"\" class=\"wp-image-674\" srcset=\"https:\/\/www.campingquinquis.fr\/wp-content\/uploads\/2024\/01\/tipi-ext.jpg 976w, https:\/\/www.campingquinquis.fr\/wp-content\/uploads\/2024\/01\/tipi-ext-300x218.jpg 300w, https:\/\/www.campingquinquis.fr\/wp-content\/uploads\/2024\/01\/tipi-ext-768x559.jpg 768w\" sizes=\"(max-width: 976px) 100vw, 976px\" title=\"\"><\/figure>\n<\/figure>\n<\/div>\n\n\n\n<div class=\"is-layout-flow wp-block-column\">\n<h2 class=\"h1 has-noir-color has-text-color\">Unusual accommodation <span class=\"fc-span\">in Clohars Carno\u00ebt \/Pouldu in Finist\u00e8re<\/span><\/h2>\n\n\n\n<p>You&#8217;re looking for that in-between <strong>vacation rental <\/strong>and camping pitch that combines comfort and <strong>camping in Le Pouldu<\/strong>, nature and luxury. We&#8217;ve got just the solution: <strong>glamping!<\/strong> It&#8217;s time to try out our <strong>cocosweets<\/strong>, <strong>tipis<\/strong>, <strong>Will&#8217;house<\/strong>, <strong>Morea tents<\/strong> and <strong>lodge tents<\/strong>.<\/p>\n<\/div>\n<\/div>\n\n\n\n<figure class=\"is-layout-flex wp-block-gallery-25 wp-block-gallery has-nested-images columns-3 is-cropped fc-diapo-mob fc-auto\">\n<figure class=\"wp-block-image size-full fc-auto\"><img decoding=\"async\" loading=\"lazy\" width=\"1440\" height=\"1920\" src=\"https:\/\/www.campingquinquis.fr\/wp-content\/uploads\/2024\/01\/2ch4-1.jpg\" alt=\"\" class=\"wp-image-771\" title=\"Espace couchage CocoSweet\" srcset=\"https:\/\/www.campingquinquis.fr\/wp-content\/uploads\/2024\/01\/2ch4-1.jpg 1440w, https:\/\/www.campingquinquis.fr\/wp-content\/uploads\/2024\/01\/2ch4-1-225x300.jpg 225w, https:\/\/www.campingquinquis.fr\/wp-content\/uploads\/2024\/01\/2ch4-1-768x1024.jpg 768w, https:\/\/www.campingquinquis.fr\/wp-content\/uploads\/2024\/01\/2ch4-1-1152x1536.jpg 1152w\" sizes=\"(max-width: 1440px) 100vw, 1440px\"><\/figure>\n\n\n\n<figure class=\"wp-block-image size-full fc-auto\"><img decoding=\"async\" loading=\"lazy\" width=\"2560\" height=\"1704\" src=\"https:\/\/www.campingquinquis.fr\/wp-content\/uploads\/2024\/01\/mh-2-chambre-terrasse--scaled.jpg\" alt=\"\" class=\"wp-image-1065\" title=\"terrasse CocoSweet\" srcset=\"https:\/\/www.campingquinquis.fr\/wp-content\/uploads\/2024\/01\/mh-2-chambre-terrasse--scaled.jpg 2560w, https:\/\/www.campingquinquis.fr\/wp-content\/uploads\/2024\/01\/mh-2-chambre-terrasse--300x200.jpg 300w, https:\/\/www.campingquinquis.fr\/wp-content\/uploads\/2024\/01\/mh-2-chambre-terrasse--1024x682.jpg 1024w, https:\/\/www.campingquinquis.fr\/wp-content\/uploads\/2024\/01\/mh-2-chambre-terrasse--768x511.jpg 768w, https:\/\/www.campingquinquis.fr\/wp-content\/uploads\/2024\/01\/mh-2-chambre-terrasse--1536x1023.jpg 1536w, https:\/\/www.campingquinquis.fr\/wp-content\/uploads\/2024\/01\/mh-2-chambre-terrasse--2048x1364.jpg 2048w\" sizes=\"(max-width: 2560px) 100vw, 2560px\"><\/figure>\n\n\n\n<figure class=\"wp-block-image size-full fc-auto\"><img decoding=\"async\" loading=\"lazy\" width=\"2560\" height=\"1704\" src=\"https:\/\/www.campingquinquis.fr\/wp-content\/uploads\/2024\/01\/mh-1-ch-salon-scaled.jpg\" alt=\"\" class=\"wp-image-1055\" title=\"espace cuisine Cocosweet\" srcset=\"https:\/\/www.campingquinquis.fr\/wp-content\/uploads\/2024\/01\/mh-1-ch-salon-scaled.jpg 2560w, https:\/\/www.campingquinquis.fr\/wp-content\/uploads\/2024\/01\/mh-1-ch-salon-300x200.jpg 300w, https:\/\/www.campingquinquis.fr\/wp-content\/uploads\/2024\/01\/mh-1-ch-salon-1024x682.jpg 1024w, https:\/\/www.campingquinquis.fr\/wp-content\/uploads\/2024\/01\/mh-1-ch-salon-768x511.jpg 768w, https:\/\/www.campingquinquis.fr\/wp-content\/uploads\/2024\/01\/mh-1-ch-salon-1536x1023.jpg 1536w, https:\/\/www.campingquinquis.fr\/wp-content\/uploads\/2024\/01\/mh-1-ch-salon-2048x1364.jpg 2048w\" sizes=\"(max-width: 2560px) 100vw, 2560px\"><\/figure>\n\n\n\n<figure class=\"wp-block-image size-full fc-auto\"><img decoding=\"async\" loading=\"lazy\" width=\"2560\" height=\"1704\" src=\"https:\/\/www.campingquinquis.fr\/wp-content\/uploads\/2024\/01\/mh-1-ch-cuisine-scaled.jpg\" alt=\"\" class=\"wp-image-1053\" title=\"Entr\u00e9e Cocosweet am\u00e9nag\u00e9e\" srcset=\"https:\/\/www.campingquinquis.fr\/wp-content\/uploads\/2024\/01\/mh-1-ch-cuisine-scaled.jpg 2560w, https:\/\/www.campingquinquis.fr\/wp-content\/uploads\/2024\/01\/mh-1-ch-cuisine-300x200.jpg 300w, https:\/\/www.campingquinquis.fr\/wp-content\/uploads\/2024\/01\/mh-1-ch-cuisine-1024x682.jpg 1024w, https:\/\/www.campingquinquis.fr\/wp-content\/uploads\/2024\/01\/mh-1-ch-cuisine-768x511.jpg 768w, https:\/\/www.campingquinquis.fr\/wp-content\/uploads\/2024\/01\/mh-1-ch-cuisine-1536x1023.jpg 1536w, https:\/\/www.campingquinquis.fr\/wp-content\/uploads\/2024\/01\/mh-1-ch-cuisine-2048x1364.jpg 2048w\" sizes=\"(max-width: 2560px) 100vw, 2560px\"><\/figure>\n\n\n\n<figure class=\"wp-block-image size-full fc-auto\"><img decoding=\"async\" loading=\"lazy\" width=\"1704\" height=\"2560\" src=\"https:\/\/www.campingquinquis.fr\/wp-content\/uploads\/2024\/01\/mh-1-ch-sdb--scaled.jpg\" alt=\"\" class=\"wp-image-1057\" title=\"Cabane camping Finist\u00e8re Sud\" srcset=\"https:\/\/www.campingquinquis.fr\/wp-content\/uploads\/2024\/01\/mh-1-ch-sdb--scaled.jpg 1704w, https:\/\/www.campingquinquis.fr\/wp-content\/uploads\/2024\/01\/mh-1-ch-sdb--200x300.jpg 200w, https:\/\/www.campingquinquis.fr\/wp-content\/uploads\/2024\/01\/mh-1-ch-sdb--682x1024.jpg 682w, https:\/\/www.campingquinquis.fr\/wp-content\/uploads\/2024\/01\/mh-1-ch-sdb--768x1153.jpg 768w, https:\/\/www.campingquinquis.fr\/wp-content\/uploads\/2024\/01\/mh-1-ch-sdb--1023x1536.jpg 1023w, https:\/\/www.campingquinquis.fr\/wp-content\/uploads\/2024\/01\/mh-1-ch-sdb--1364x2048.jpg 1364w\" sizes=\"(max-width: 1704px) 100vw, 1704px\"><\/figure>\n\n\n\n<figure class=\"wp-block-image size-full fc-auto\"><img decoding=\"async\" loading=\"lazy\" width=\"1704\" height=\"2560\" src=\"https:\/\/www.campingquinquis.fr\/wp-content\/uploads\/2024\/01\/mh-1-ch-chambre-scaled.jpg\" alt=\"\" class=\"wp-image-1051\" title=\"Cuisine cabane insolite \" srcset=\"https:\/\/www.campingquinquis.fr\/wp-content\/uploads\/2024\/01\/mh-1-ch-chambre-scaled.jpg 1704w, https:\/\/www.campingquinquis.fr\/wp-content\/uploads\/2024\/01\/mh-1-ch-chambre-200x300.jpg 200w, https:\/\/www.campingquinquis.fr\/wp-content\/uploads\/2024\/01\/mh-1-ch-chambre-682x1024.jpg 682w, https:\/\/www.campingquinquis.fr\/wp-content\/uploads\/2024\/01\/mh-1-ch-chambre-768x1153.jpg 768w, https:\/\/www.campingquinquis.fr\/wp-content\/uploads\/2024\/01\/mh-1-ch-chambre-1023x1536.jpg 1023w, https:\/\/www.campingquinquis.fr\/wp-content\/uploads\/2024\/01\/mh-1-ch-chambre-1364x2048.jpg 1364w\" sizes=\"(max-width: 1704px) 100vw, 1704px\"><\/figure>\n<\/figure>\n<\/div>\n","protected":false},"excerpt":{"rendered":"<p>Vacation rentals in Clohars-Carno\u00ebt Stay just a stone&#8217;s throw from the sandy beach of Le Pouldu. Our campsite in Clohars-Carno\u00ebt offers you a green setting. Head for South Finist\u00e8re to rent your mobile home! On the Morbihan border, choose between a mobile home, unusual accommodation or a pitch on one of our 163 pitches on [&hellip;]<\/p>\n","protected":false},"author":1,"featured_media":0,"parent":0,"menu_order":0,"comment_status":"closed","ping_status":"closed","template":"","meta":[],"acf":[],"_links":{"self":[{"href":"https:\/\/www.campingquinquis.fr\/en\/wp-json\/wp\/v2\/pages\/827"}],"collection":[{"href":"https:\/\/www.campingquinquis.fr\/en\/wp-json\/wp\/v2\/pages"}],"about":[{"href":"https:\/\/www.campingquinquis.fr\/en\/wp-json\/wp\/v2\/types\/page"}],"author":[{"embeddable":true,"href":"https:\/\/www.campingquinquis.fr\/en\/wp-json\/wp\/v2\/users\/1"}],"replies":[{"embeddable":true,"href":"https:\/\/www.campingquinquis.fr\/en\/wp-json\/wp\/v2\/comments?post=827"}],"version-history":[{"count":6,"href":"https:\/\/www.campingquinquis.fr\/en\/wp-json\/wp\/v2\/pages\/827\/revisions"}],"predecessor-version":[{"id":1174,"href":"https:\/\/www.campingquinquis.fr\/en\/wp-json\/wp\/v2\/pages\/827\/revisions\/1174"}],"wp:attachment":[{"href":"https:\/\/www.campingquinquis.fr\/en\/wp-json\/wp\/v2\/media?parent=827"}],"curies":[{"name":"wp","href":"https:\/\/api.w.org\/{rel}","templated":true}]}}